{"id":475,"date":"2021-04-08T16:11:44","date_gmt":"2021-04-08T16:11:44","guid":{"rendered":"https:\/\/developer.blink-eye.com\/leplacarddedaphne\/?page_id=475"},"modified":"2021-04-15T09:26:59","modified_gmt":"2021-04-15T09:26:59","slug":"lactualite","status":"publish","type":"page","link":"https:\/\/lamenuiseriededaphne.fr\/?page_id=475","title":{"rendered":"L&#8217;ACTUALITE"},"content":{"rendered":"\t\t<div data-elementor-type=\"wp-page\" data-elementor-id=\"475\" class=\"elementor elementor-475\" data-elementor-settings=\"[]\">\n\t\t\t\t\t\t<div class=\"elementor-inner\">\n\t\t\t\t\t\t\t<div class=\"elementor-section-wrap\">\n\t\t\t\t\t\t\t<section class=\"elementor-section elementor-top-section elementor-element elementor-element-22f8804 elementor-section-full_width elementor-section-height-min-height elementor-section-items-stretch elementor-section-height-default\" data-id=\"22f8804\" data-element_type=\"section\" data-settings=\"{&quot;background_background&quot;:&quot;classic&quot;}\">\n\t\t\t\t\t\t\t<div class=\"elementor-background-overlay\"><\/div>\n\t\t\t\t\t\t\t<div class=\"elementor-container elementor-column-gap-default\">\n\t\t\t\t\t\t\t<div class=\"elementor-row\">\n\t\t\t\t\t<div class=\"elementor-column elementor-col-100 elementor-top-column elementor-element elementor-element-7d5644f\" data-id=\"7d5644f\" data-element_type=\"column\">\n\t\t\t<div class=\"elementor-column-wrap elementor-element-populated\">\n\t\t\t\t\t\t\t<div class=\"elementor-widget-wrap\">\n\t\t\t\t\t\t<div class=\"elementor-element elementor-element-5aefb71 animated-slow elementor-invisible elementor-widget elementor-widget-image\" data-id=\"5aefb71\" data-element_type=\"widget\" data-settings=\"{&quot;_animation&quot;:&quot;fadeInUp&quot;}\" data-widget_type=\"image.default\">\n\t\t\t\t<div class=\"elementor-widget-container\">\n\t\t\t\t\t<div class=\"elementor-image\">\n\t\t\t\t\t\t\t\t\t\t<img src=\"https:\/\/lamenuiseriededaphne.fr\/wp-content\/uploads\/2021\/04\/lactualite-04-1.svg\" class=\"attachment-large size-large\" alt=\"\" loading=\"lazy\" height=\"286.9\" width=\"1700.4\" \/>\t\t\t\t\t\t\t\t\t\t\t<\/div>\n\t\t\t\t<\/div>\n\t\t\t\t<\/div>\n\t\t\t\t\t\t<\/div>\n\t\t\t\t\t<\/div>\n\t\t<\/div>\n\t\t\t\t\t\t\t\t<\/div>\n\t\t\t\t\t<\/div>\n\t\t<\/section>\n\t\t\t\t<section class=\"elementor-section elementor-top-section elementor-element elementor-element-35ac8cc elementor-section-full_width elementor-section-height-default elementor-section-height-default\" data-id=\"35ac8cc\" data-element_type=\"section\">\n\t\t\t\t\t\t<div class=\"elementor-container elementor-column-gap-default\">\n\t\t\t\t\t\t\t<div class=\"elementor-row\">\n\t\t\t\t\t<div class=\"elementor-column elementor-col-100 elementor-top-column elementor-element elementor-element-8e3bcb1 elementor-invisible\" data-id=\"8e3bcb1\" data-element_type=\"column\" data-settings=\"{&quot;animation&quot;:&quot;fadeInUp&quot;}\">\n\t\t\t<div class=\"elementor-column-wrap elementor-element-populated\">\n\t\t\t\t\t\t\t<div class=\"elementor-widget-wrap\">\n\t\t\t\t\t\t<div class=\"elementor-element elementor-element-eaeb62e elementor-grid-2 elementor-grid-tablet-1 elementor-posts--thumbnail-left animated-slow elementor-grid-mobile-1 elementor-invisible elementor-widget elementor-widget-posts\" data-id=\"eaeb62e\" data-element_type=\"widget\" data-settings=\"{&quot;classic_columns&quot;:&quot;2&quot;,&quot;classic_columns_tablet&quot;:&quot;1&quot;,&quot;classic_row_gap&quot;:{&quot;unit&quot;:&quot;px&quot;,&quot;size&quot;:&quot;50&quot;,&quot;sizes&quot;:[]},&quot;_animation&quot;:&quot;fadeIn&quot;,&quot;classic_columns_mobile&quot;:&quot;1&quot;}\" data-widget_type=\"posts.classic\">\n\t\t\t\t<div class=\"elementor-widget-container\">\n\t\t\t\t\t<div class=\"elementor-posts-container elementor-posts elementor-posts--skin-classic elementor-grid\">\n\t\t\t\t<article class=\"elementor-post elementor-grid-item post-313 post type-post status-publish format-standard has-post-thumbnail hentry category-uncategorized\">\n\t\t\t\t<a class=\"elementor-post__thumbnail__link\" href=\"https:\/\/lamenuiseriededaphne.fr\/?p=313\" >\n\t\t\t<div class=\"elementor-post__thumbnail\"><img width=\"580\" height=\"387\" src=\"https:\/\/lamenuiseriededaphne.fr\/wp-content\/uploads\/2021\/03\/7-768x513.jpg\" class=\"attachment-medium_large size-medium_large\" alt=\"\" loading=\"lazy\" srcset=\"https:\/\/lamenuiseriededaphne.fr\/wp-content\/uploads\/2021\/03\/7-768x513.jpg 768w, https:\/\/lamenuiseriededaphne.fr\/wp-content\/uploads\/2021\/03\/7-300x200.jpg 300w, https:\/\/lamenuiseriededaphne.fr\/wp-content\/uploads\/2021\/03\/7-1024x684.jpg 1024w, https:\/\/lamenuiseriededaphne.fr\/wp-content\/uploads\/2021\/03\/7-1536x1026.jpg 1536w, https:\/\/lamenuiseriededaphne.fr\/wp-content\/uploads\/2021\/03\/7-2048x1367.jpg 2048w, https:\/\/lamenuiseriededaphne.fr\/wp-content\/uploads\/2021\/03\/7-1200x801.jpg 1200w, https:\/\/lamenuiseriededaphne.fr\/wp-content\/uploads\/2021\/03\/7-1980x1322.jpg 1980w\" sizes=\"(max-width: 580px) 100vw, 580px\" \/><\/div>\n\t\t<\/a>\n\t\t\t\t<div class=\"elementor-post__text\">\n\t\t\t\t<h3 class=\"elementor-post__title\">\n\t\t\t<a href=\"https:\/\/lamenuiseriededaphne.fr\/?p=313\" >\n\t\t\t\tArticle n\u00ba4\t\t\t<\/a>\n\t\t<\/h3>\n\t\t\t\t<div class=\"elementor-post__excerpt\">\n\t\t\t<p>Le vrai sur-mesure permet de donner corps \u00e0 vos envies en collant \u00e0 votre personnalit\u00e9. Les verri\u00e8res ateliers cumulent les avantages : elles apportent de<\/p>\n\t\t<\/div>\n\t\t\t\t\t<a class=\"elementor-post__read-more\" href=\"https:\/\/lamenuiseriededaphne.fr\/?p=313\" >\n\t\t\t\tSAVOIR PLUS\t\t\t<\/a>\n\t\t\t\t<\/div>\n\t\t\t\t<\/article>\n\t\t\t\t<article class=\"elementor-post elementor-grid-item post-311 post type-post status-publish format-standard has-post-thumbnail hentry category-uncategorized\">\n\t\t\t\t<a class=\"elementor-post__thumbnail__link\" href=\"https:\/\/lamenuiseriededaphne.fr\/?p=311\" >\n\t\t\t<div class=\"elementor-post__thumbnail\"><img width=\"580\" height=\"739\" src=\"https:\/\/lamenuiseriededaphne.fr\/wp-content\/uploads\/2021\/04\/pexels-victoria-borodinova-3315286-768x978.jpg\" class=\"attachment-medium_large size-medium_large\" alt=\"\" loading=\"lazy\" srcset=\"https:\/\/lamenuiseriededaphne.fr\/wp-content\/uploads\/2021\/04\/pexels-victoria-borodinova-3315286-768x978.jpg 768w, https:\/\/lamenuiseriededaphne.fr\/wp-content\/uploads\/2021\/04\/pexels-victoria-borodinova-3315286-236x300.jpg 236w, https:\/\/lamenuiseriededaphne.fr\/wp-content\/uploads\/2021\/04\/pexels-victoria-borodinova-3315286-804x1024.jpg 804w, https:\/\/lamenuiseriededaphne.fr\/wp-content\/uploads\/2021\/04\/pexels-victoria-borodinova-3315286-1206x1536.jpg 1206w, https:\/\/lamenuiseriededaphne.fr\/wp-content\/uploads\/2021\/04\/pexels-victoria-borodinova-3315286-1608x2048.jpg 1608w, https:\/\/lamenuiseriededaphne.fr\/wp-content\/uploads\/2021\/04\/pexels-victoria-borodinova-3315286-1200x1529.jpg 1200w, https:\/\/lamenuiseriededaphne.fr\/wp-content\/uploads\/2021\/04\/pexels-victoria-borodinova-3315286-1980x2522.jpg 1980w, https:\/\/lamenuiseriededaphne.fr\/wp-content\/uploads\/2021\/04\/pexels-victoria-borodinova-3315286-scaled.jpg 2010w\" sizes=\"(max-width: 580px) 100vw, 580px\" \/><\/div>\n\t\t<\/a>\n\t\t\t\t<div class=\"elementor-post__text\">\n\t\t\t\t<h3 class=\"elementor-post__title\">\n\t\t\t<a href=\"https:\/\/lamenuiseriededaphne.fr\/?p=311\" >\n\t\t\t\tArticle n\u00ba3\t\t\t<\/a>\n\t\t<\/h3>\n\t\t\t\t<div class=\"elementor-post__excerpt\">\n\t\t\t<p>Le vrai sur-mesure permet de donner corps \u00e0 vos envies en collant \u00e0 votre personnalit\u00e9. Dressing ouvert ou avec portes coulissantes permet d&#8217;optimiser l&#8217;espace&#8230;. Il<\/p>\n\t\t<\/div>\n\t\t\t\t\t<a class=\"elementor-post__read-more\" href=\"https:\/\/lamenuiseriededaphne.fr\/?p=311\" >\n\t\t\t\tSAVOIR PLUS\t\t\t<\/a>\n\t\t\t\t<\/div>\n\t\t\t\t<\/article>\n\t\t\t\t<article class=\"elementor-post elementor-grid-item post-309 post type-post status-publish format-standard has-post-thumbnail hentry category-uncategorized\">\n\t\t\t\t<a class=\"elementor-post__thumbnail__link\" href=\"https:\/\/lamenuiseriededaphne.fr\/?p=309\" >\n\t\t\t<div class=\"elementor-post__thumbnail\"><img width=\"580\" height=\"387\" src=\"https:\/\/lamenuiseriededaphne.fr\/wp-content\/uploads\/2021\/03\/3-768x512.jpg\" class=\"attachment-medium_large size-medium_large\" alt=\"\" loading=\"lazy\" srcset=\"https:\/\/lamenuiseriededaphne.fr\/wp-content\/uploads\/2021\/03\/3-768x512.jpg 768w, https:\/\/lamenuiseriededaphne.fr\/wp-content\/uploads\/2021\/03\/3-300x200.jpg 300w, https:\/\/lamenuiseriededaphne.fr\/wp-content\/uploads\/2021\/03\/3-1024x683.jpg 1024w, https:\/\/lamenuiseriededaphne.fr\/wp-content\/uploads\/2021\/03\/3-1536x1024.jpg 1536w, https:\/\/lamenuiseriededaphne.fr\/wp-content\/uploads\/2021\/03\/3-2048x1365.jpg 2048w, https:\/\/lamenuiseriededaphne.fr\/wp-content\/uploads\/2021\/03\/3-1200x800.jpg 1200w, https:\/\/lamenuiseriededaphne.fr\/wp-content\/uploads\/2021\/03\/3-1980x1320.jpg 1980w\" sizes=\"(max-width: 580px) 100vw, 580px\" \/><\/div>\n\t\t<\/a>\n\t\t\t\t<div class=\"elementor-post__text\">\n\t\t\t\t<h3 class=\"elementor-post__title\">\n\t\t\t<a href=\"https:\/\/lamenuiseriededaphne.fr\/?p=309\" >\n\t\t\t\tArticle n\u00ba2\t\t\t<\/a>\n\t\t<\/h3>\n\t\t\t\t<div class=\"elementor-post__excerpt\">\n\t\t\t<p>Nous sommes \u00e0 l&#8217;\u00e9coute de vos besoins et de vos attentes. D\u00e9finissez votre agencement id\u00e9al. De votre entr\u00e9e, salon, chambres, cuisine, nous pouvons vous aider<\/p>\n\t\t<\/div>\n\t\t\t\t\t<a class=\"elementor-post__read-more\" href=\"https:\/\/lamenuiseriededaphne.fr\/?p=309\" >\n\t\t\t\tSAVOIR PLUS\t\t\t<\/a>\n\t\t\t\t<\/div>\n\t\t\t\t<\/article>\n\t\t\t\t<article class=\"elementor-post elementor-grid-item post-1 post type-post status-publish format-standard has-post-thumbnail hentry category-uncategorized\">\n\t\t\t\t<a class=\"elementor-post__thumbnail__link\" href=\"https:\/\/lamenuiseriededaphne.fr\/?p=1\" >\n\t\t\t<div class=\"elementor-post__thumbnail\"><img width=\"580\" height=\"773\" src=\"https:\/\/lamenuiseriededaphne.fr\/wp-content\/uploads\/2021\/04\/dhruv-patel-xiSBJmn79hk-unsplash-768x1024.jpg\" class=\"attachment-medium_large size-medium_large\" alt=\"\" loading=\"lazy\" srcset=\"https:\/\/lamenuiseriededaphne.fr\/wp-content\/uploads\/2021\/04\/dhruv-patel-xiSBJmn79hk-unsplash-768x1024.jpg 768w, https:\/\/lamenuiseriededaphne.fr\/wp-content\/uploads\/2021\/04\/dhruv-patel-xiSBJmn79hk-unsplash-225x300.jpg 225w, https:\/\/lamenuiseriededaphne.fr\/wp-content\/uploads\/2021\/04\/dhruv-patel-xiSBJmn79hk-unsplash-1152x1536.jpg 1152w, https:\/\/lamenuiseriededaphne.fr\/wp-content\/uploads\/2021\/04\/dhruv-patel-xiSBJmn79hk-unsplash-1536x2048.jpg 1536w, https:\/\/lamenuiseriededaphne.fr\/wp-content\/uploads\/2021\/04\/dhruv-patel-xiSBJmn79hk-unsplash-1200x1600.jpg 1200w, https:\/\/lamenuiseriededaphne.fr\/wp-content\/uploads\/2021\/04\/dhruv-patel-xiSBJmn79hk-unsplash-1980x2640.jpg 1980w, https:\/\/lamenuiseriededaphne.fr\/wp-content\/uploads\/2021\/04\/dhruv-patel-xiSBJmn79hk-unsplash-scaled.jpg 1920w\" sizes=\"(max-width: 580px) 100vw, 580px\" \/><\/div>\n\t\t<\/a>\n\t\t\t\t<div class=\"elementor-post__text\">\n\t\t\t\t<h3 class=\"elementor-post__title\">\n\t\t\t<a href=\"https:\/\/lamenuiseriededaphne.fr\/?p=1\" >\n\t\t\t\tArticle n\u00ba1\t\t\t<\/a>\n\t\t<\/h3>\n\t\t\t\t<div class=\"elementor-post__excerpt\">\n\t\t\t<p>La Menuiserie de Daphn\u00e9 vous propose des centaines d&#8217;id\u00e9es et d&#8217;inspiration pour offrir \u00e0 votre int\u00e9rieur le meilleur style et la plus grande fonctionnalit\u00e9. Du<\/p>\n\t\t<\/div>\n\t\t\t\t\t<a class=\"elementor-post__read-more\" href=\"https:\/\/lamenuiseriededaphne.fr\/?p=1\" >\n\t\t\t\tSAVOIR PLUS\t\t\t<\/a>\n\t\t\t\t<\/div>\n\t\t\t\t<\/article>\n\t\t\t\t<\/div>\n\t\t\t\t<\/div>\n\t\t\t\t<\/div>\n\t\t\t\t\t\t<\/div>\n\t\t\t\t\t<\/div>\n\t\t<\/div>\n\t\t\t\t\t\t\t\t<\/div>\n\t\t\t\t\t<\/div>\n\t\t<\/section>\n\t\t\t\t\t\t<\/div>\n\t\t\t\t\t\t<\/div>\n\t\t\t\t\t<\/div>\n\t\t","protected":false},"excerpt":{"rendered":"","protected":false},"author":2,"featured_media":0,"parent":0,"menu_order":0,"comment_status":"closed","ping_status":"closed","template":"elementor_header_footer","meta":[],"_links":{"self":[{"href":"https:\/\/lamenuiseriededaphne.fr\/index.php?rest_route=\/wp\/v2\/pages\/475"}],"collection":[{"href":"https:\/\/lamenuiseriededaphne.fr\/index.php?rest_route=\/wp\/v2\/pages"}],"about":[{"href":"https:\/\/lamenuiseriededaphne.fr\/index.php?rest_route=\/wp\/v2\/types\/page"}],"author":[{"embeddable":true,"href":"https:\/\/lamenuiseriededaphne.fr\/index.php?rest_route=\/wp\/v2\/users\/2"}],"replies":[{"embeddable":true,"href":"https:\/\/lamenuiseriededaphne.fr\/index.php?rest_route=%2Fwp%2Fv2%2Fcomments&post=475"}],"version-history":[{"count":9,"href":"https:\/\/lamenuiseriededaphne.fr\/index.php?rest_route=\/wp\/v2\/pages\/475\/revisions"}],"predecessor-version":[{"id":672,"href":"https:\/\/lamenuiseriededaphne.fr\/index.php?rest_route=\/wp\/v2\/pages\/475\/revisions\/672"}],"wp:attachment":[{"href":"https:\/\/lamenuiseriededaphne.fr\/index.php?rest_route=%2Fwp%2Fv2%2Fmedia&parent=475"}],"curies":[{"name":"wp","href":"https:\/\/api.w.org\/{rel}","templated":true}]}}