{"id":433,"date":"2021-04-08T13:29:24","date_gmt":"2021-04-08T13:29:24","guid":{"rendered":"https:\/\/developer.blink-eye.com\/leplacarddedaphne\/?page_id=433"},"modified":"2025-06-27T11:25:22","modified_gmt":"2025-06-27T11:25:22","slug":"metier","status":"publish","type":"page","link":"https:\/\/lamenuiseriededaphne.fr\/?page_id=433","title":{"rendered":"M\u00c9TIER"},"content":{"rendered":"\t\t<div data-elementor-type=\"wp-page\" data-elementor-id=\"433\" class=\"elementor elementor-433\" data-elementor-settings=\"[]\">\n\t\t\t\t\t\t<div class=\"elementor-inner\">\n\t\t\t\t\t\t\t<div class=\"elementor-section-wrap\">\n\t\t\t\t\t\t\t<section class=\"elementor-section elementor-top-section elementor-element elementor-element-35628a2 elementor-section-full_width elementor-section-height-min-height elementor-section-items-stretch elementor-section-height-default\" data-id=\"35628a2\" data-element_type=\"section\" data-settings=\"{&quot;background_background&quot;:&quot;classic&quot;}\">\n\t\t\t\t\t\t\t<div class=\"elementor-background-overlay\"><\/div>\n\t\t\t\t\t\t\t<div class=\"elementor-container elementor-column-gap-default\">\n\t\t\t\t\t\t\t<div class=\"elementor-row\">\n\t\t\t\t\t<div class=\"elementor-column elementor-col-100 elementor-top-column elementor-element elementor-element-5a104b4\" data-id=\"5a104b4\" data-element_type=\"column\">\n\t\t\t<div class=\"elementor-column-wrap elementor-element-populated\">\n\t\t\t\t\t\t\t<div class=\"elementor-widget-wrap\">\n\t\t\t\t\t\t<div class=\"elementor-element elementor-element-2363ef3 animated-slow elementor-invisible elementor-widget elementor-widget-image\" data-id=\"2363ef3\" data-element_type=\"widget\" data-settings=\"{&quot;_animation&quot;:&quot;fadeInUp&quot;}\" data-widget_type=\"image.default\">\n\t\t\t\t<div class=\"elementor-widget-container\">\n\t\t\t\t\t<div class=\"elementor-image\">\n\t\t\t\t\t\t\t\t\t\t<img src=\"https:\/\/lamenuiseriededaphne.fr\/wp-content\/uploads\/2021\/04\/me\u0301tier-1.svg\" class=\"attachment-large size-large\" alt=\"\" loading=\"lazy\" height=\"251.9\" width=\"979\" \/>\t\t\t\t\t\t\t\t\t\t\t<\/div>\n\t\t\t\t<\/div>\n\t\t\t\t<\/div>\n\t\t\t\t\t\t<\/div>\n\t\t\t\t\t<\/div>\n\t\t<\/div>\n\t\t\t\t\t\t\t\t<\/div>\n\t\t\t\t\t<\/div>\n\t\t<\/section>\n\t\t\t\t<section class=\"elementor-section elementor-top-section elementor-element elementor-element-c3cea7d elementor-section-full_width elementor-section-height-min-height elementor-section-items-stretch elementor-section-height-default\" data-id=\"c3cea7d\" data-element_type=\"section\" data-settings=\"{&quot;background_background&quot;:&quot;classic&quot;}\">\n\t\t\t\t\t\t<div class=\"elementor-container elementor-column-gap-no\">\n\t\t\t\t\t\t\t<div class=\"elementor-row\">\n\t\t\t\t\t<div class=\"elementor-column elementor-col-50 elementor-top-column elementor-element elementor-element-d4b7f8d\" data-id=\"d4b7f8d\" data-element_type=\"column\">\n\t\t\t<div class=\"elementor-column-wrap elementor-element-populated\">\n\t\t\t\t\t\t\t<div class=\"elementor-widget-wrap\">\n\t\t\t\t\t\t<div class=\"elementor-element elementor-element-dd8412e elementor-invisible elementor-widget elementor-widget-heading\" data-id=\"dd8412e\" data-element_type=\"widget\" data-settings=\"{&quot;_animation&quot;:&quot;fadeInLeft&quot;}\" data-widget_type=\"heading.default\">\n\t\t\t\t<div class=\"elementor-widget-container\">\n\t\t\t<h2 class=\"elementor-heading-title elementor-size-default\">Qui sommes-nous<\/h2>\t\t<\/div>\n\t\t\t\t<\/div>\n\t\t\t\t<div class=\"elementor-element elementor-element-7a7036e elementor-invisible elementor-widget elementor-widget-text-editor\" data-id=\"7a7036e\" data-element_type=\"widget\" data-settings=\"{&quot;_animation&quot;:&quot;fadeInLeft&quot;}\" data-widget_type=\"text-editor.default\">\n\t\t\t\t<div class=\"elementor-widget-container\">\n\t\t\t\t\t<div class=\"elementor-text-editor elementor-clearfix\"><p class=\"p1\"><strong>Artisans d\u2019art et fiers de l\u2019\u00eatre<\/strong>, nos m\u00e9tiers d\u2019\u00e9b\u00e9niste et de menuisier nous ont tout naturellement conduits vers l\u2019am\u00e9nagement int\u00e9rieur.<\/p><p class=\"p1\">Du dressing \u00e0 la biblioth\u00e8que, du bureau aux placards, en passant par la cuisine ou le home-vid\u00e9o, une certaine id\u00e9e de la finition, de l\u2019harmonie des mat\u00e9riaux et de la conception nous guide chaque jour vers <strong>votre satisfaction et dans le respect de votre budget<\/strong>.<\/p><p class=\"p1\">Chaque demande est unique, chaque commande un nouveau pari auquel nous r\u00e9pondons avec envie pour que <strong>nos r\u00e9alisations deviennent la source de votre bien-\u00eatre int\u00e9rieur<\/strong>.<\/p><\/div>\n\t\t\t\t<\/div>\n\t\t\t\t<\/div>\n\t\t\t\t\t\t<\/div>\n\t\t\t\t\t<\/div>\n\t\t<\/div>\n\t\t\t\t<div class=\"elementor-column elementor-col-50 elementor-top-column elementor-element elementor-element-7d83442 elementor-invisible\" data-id=\"7d83442\" data-element_type=\"column\" data-settings=\"{&quot;background_background&quot;:&quot;classic&quot;,&quot;animation&quot;:&quot;fadeInRight&quot;}\">\n\t\t\t<div class=\"elementor-column-wrap elementor-element-populated\">\n\t\t\t\t\t\t\t<div class=\"elementor-widget-wrap\">\n\t\t\t\t\t\t\t\t<\/div>\n\t\t\t\t\t<\/div>\n\t\t<\/div>\n\t\t\t\t\t\t\t\t<\/div>\n\t\t\t\t\t<\/div>\n\t\t<\/section>\n\t\t\t\t<section class=\"elementor-section elementor-top-section elementor-element elementor-element-599550b elementor-section-full_width elementor-section-height-min-height elementor-section-items-stretch elementor-reverse-tablet elementor-reverse-mobile elementor-section-height-default\" data-id=\"599550b\" data-element_type=\"section\" data-settings=\"{&quot;background_background&quot;:&quot;classic&quot;}\">\n\t\t\t\t\t\t<div class=\"elementor-container elementor-column-gap-default\">\n\t\t\t\t\t\t\t<div class=\"elementor-row\">\n\t\t\t\t\t<div class=\"elementor-column elementor-col-50 elementor-top-column elementor-element elementor-element-71a9cf8\" data-id=\"71a9cf8\" data-element_type=\"column\" data-settings=\"{&quot;background_background&quot;:&quot;classic&quot;}\">\n\t\t\t<div class=\"elementor-column-wrap elementor-element-populated\">\n\t\t\t\t\t\t\t<div class=\"elementor-widget-wrap\">\n\t\t\t\t\t\t\t\t<\/div>\n\t\t\t\t\t<\/div>\n\t\t<\/div>\n\t\t\t\t<div class=\"elementor-column elementor-col-50 elementor-top-column elementor-element elementor-element-5a1c02e\" data-id=\"5a1c02e\" data-element_type=\"column\" data-settings=\"{&quot;background_background&quot;:&quot;classic&quot;}\">\n\t\t\t<div class=\"elementor-column-wrap elementor-element-populated\">\n\t\t\t\t\t\t\t<div class=\"elementor-widget-wrap\">\n\t\t\t\t\t\t<div class=\"elementor-element elementor-element-5c686cb elementor-widget__width-inherit elementor-invisible elementor-widget elementor-widget-heading\" data-id=\"5c686cb\" data-element_type=\"widget\" data-settings=\"{&quot;_animation&quot;:&quot;fadeInRight&quot;}\" data-widget_type=\"heading.default\">\n\t\t\t\t<div class=\"elementor-widget-container\">\n\t\t\t<h2 class=\"elementor-heading-title elementor-size-default\">Poussez la porte de la Menuiserie de Daphne  et entrez dans la simplicit\u00e9<\/h2>\t\t<\/div>\n\t\t\t\t<\/div>\n\t\t\t\t<div class=\"elementor-element elementor-element-cbc8db4 elementor-invisible elementor-widget elementor-widget-text-editor\" data-id=\"cbc8db4\" data-element_type=\"widget\" data-settings=\"{&quot;_animation&quot;:&quot;fadeInRight&quot;}\" data-widget_type=\"text-editor.default\">\n\t\t\t\t<div class=\"elementor-widget-container\">\n\t\t\t\t\t<div class=\"elementor-text-editor elementor-clearfix\"><p class=\"p1\">Souvent s&#8217;aventurer dans un projet d&#8217;am\u00e9nagement int\u00e9rieur peut effrayer. Chez nous, un expert vous re\u00e7oit, vous aide \u00e0 formaliser votre demande et vous guide dans votre choix en coh\u00e9rence avec votre budget.\u00a0<span style=\"text-align: inherit;\"><span style=\"letter-spacing: -0.015em;\">Pour que votre projet prenne vie, nous nous\u00a0<\/span><span style=\"letter-spacing: -0.23999999463558197px;\">d\u00e9pla\u00e7ons<\/span><span style=\"letter-spacing: -0.015em;\">\u00a0chez vous pour bien appr\u00e9hender votre espace, votre mode et style de vie a afin de vous proposer le sur mesure qui vous ressemble.<\/span><\/span><\/p><p class=\"p1\"><span style=\"text-align: inherit;\"><span style=\"letter-spacing: -0.015em;\">Les mat\u00e9riaux sont command\u00e9s chez des fournisseurs tri\u00e9s sur le volet. Puis vient le jour de la pose,\u00a0<\/span><span style=\"letter-spacing: -0.23999999463558197px;\">ex\u00e9cut\u00e9e<\/span><span style=\"letter-spacing: -0.015em;\">\u00a0par un artisan d&#8217;exp\u00e9rience.\u00a0<\/span><\/span><\/p><\/div>\n\t\t\t\t<\/div>\n\t\t\t\t<\/div>\n\t\t\t\t\t\t<\/div>\n\t\t\t\t\t<\/div>\n\t\t<\/div>\n\t\t\t\t\t\t\t\t<\/div>\n\t\t\t\t\t<\/div>\n\t\t<\/section>\n\t\t\t\t<section class=\"elementor-section elementor-top-section elementor-element elementor-element-7b394fc elementor-section-full_width elementor-section-height-min-height elementor-section-items-stretch elementor-reverse-tablet elementor-reverse-mobile elementor-hidden-desktop elementor-hidden-tablet elementor-hidden-phone elementor-section-height-default\" data-id=\"7b394fc\" data-element_type=\"section\" data-settings=\"{&quot;background_background&quot;:&quot;classic&quot;}\">\n\t\t\t\t\t\t<div class=\"elementor-container elementor-column-gap-default\">\n\t\t\t\t\t\t\t<div class=\"elementor-row\">\n\t\t\t\t\t<div class=\"elementor-column elementor-col-50 elementor-top-column elementor-element elementor-element-ff278a1\" data-id=\"ff278a1\" data-element_type=\"column\" data-settings=\"{&quot;background_background&quot;:&quot;classic&quot;}\">\n\t\t\t<div class=\"elementor-column-wrap elementor-element-populated\">\n\t\t\t\t\t\t\t<div class=\"elementor-widget-wrap\">\n\t\t\t\t\t\t<div class=\"elementor-element elementor-element-5e358e5 elementor-widget__width-inherit elementor-invisible elementor-widget elementor-widget-heading\" data-id=\"5e358e5\" data-element_type=\"widget\" data-settings=\"{&quot;_animation&quot;:&quot;fadeInRight&quot;}\" data-widget_type=\"heading.default\">\n\t\t\t\t<div class=\"elementor-widget-container\">\n\t\t\t<h2 class=\"elementor-heading-title elementor-size-default\">Notre \u00c9quipe<\/h2>\t\t<\/div>\n\t\t\t\t<\/div>\n\t\t\t\t<div class=\"elementor-element elementor-element-6623436 elementor-invisible elementor-widget elementor-widget-text-editor\" data-id=\"6623436\" data-element_type=\"widget\" data-settings=\"{&quot;_animation&quot;:&quot;fadeInRight&quot;}\" data-widget_type=\"text-editor.default\">\n\t\t\t\t<div class=\"elementor-widget-container\">\n\t\t\t\t\t<div class=\"elementor-text-editor elementor-clearfix\"><p class=\"p1\">???<\/p><\/div>\n\t\t\t\t<\/div>\n\t\t\t\t<\/div>\n\t\t\t\t\t\t<\/div>\n\t\t\t\t\t<\/div>\n\t\t<\/div>\n\t\t\t\t<div class=\"elementor-column elementor-col-50 elementor-top-column elementor-element elementor-element-fb7d6eb\" data-id=\"fb7d6eb\" data-element_type=\"column\" data-settings=\"{&quot;background_background&quot;:&quot;classic&quot;}\">\n\t\t\t<div class=\"elementor-column-wrap elementor-element-populated\">\n\t\t\t\t\t\t\t<div class=\"elementor-widget-wrap\">\n\t\t\t\t\t\t\t\t<\/div>\n\t\t\t\t\t<\/div>\n\t\t<\/div>\n\t\t\t\t\t\t\t\t<\/div>\n\t\t\t\t\t<\/div>\n\t\t<\/section>\n\t\t\t\t<section class=\"elementor-section elementor-top-section elementor-element elementor-element-7bb00c0 elementor-section-full_width elementor-section-height-min-height elementor-section-items-stretch elementor-section-height-default\" data-id=\"7bb00c0\" data-element_type=\"section\" data-settings=\"{&quot;background_background&quot;:&quot;classic&quot;}\">\n\t\t\t\t\t\t<div class=\"elementor-container elementor-column-gap-default\">\n\t\t\t\t\t\t\t<div class=\"elementor-row\">\n\t\t\t\t\t<div class=\"elementor-column elementor-col-50 elementor-top-column elementor-element elementor-element-4a943f7\" data-id=\"4a943f7\" data-element_type=\"column\" data-settings=\"{&quot;background_background&quot;:&quot;slideshow&quot;,&quot;background_slideshow_gallery&quot;:[{&quot;id&quot;:696,&quot;url&quot;:&quot;https:\\\/\\\/lamenuiseriededaphne.fr\\\/wp-content\\\/uploads\\\/2021\\\/04\\\/img_25612.jpg&quot;},{&quot;id&quot;:695,&quot;url&quot;:&quot;https:\\\/\\\/lamenuiseriededaphne.fr\\\/wp-content\\\/uploads\\\/2021\\\/04\\\/img_20372.jpg&quot;},{&quot;id&quot;:690,&quot;url&quot;:&quot;https:\\\/\\\/lamenuiseriededaphne.fr\\\/wp-content\\\/uploads\\\/2021\\\/04\\\/2015-12-18-163548.jpg&quot;},{&quot;id&quot;:692,&quot;url&quot;:&quot;https:\\\/\\\/lamenuiseriededaphne.fr\\\/wp-content\\\/uploads\\\/2021\\\/04\\\/img_7609.jpg&quot;},{&quot;id&quot;:693,&quot;url&quot;:&quot;https:\\\/\\\/lamenuiseriededaphne.fr\\\/wp-content\\\/uploads\\\/2021\\\/04\\\/img_09092.jpg&quot;},{&quot;id&quot;:691,&quot;url&quot;:&quot;https:\\\/\\\/lamenuiseriededaphne.fr\\\/wp-content\\\/uploads\\\/2021\\\/04\\\/2017-12-22-112426.jpg&quot;},{&quot;id&quot;:697,&quot;url&quot;:&quot;https:\\\/\\\/lamenuiseriededaphne.fr\\\/wp-content\\\/uploads\\\/2021\\\/04\\\/img_27322.jpg&quot;},{&quot;id&quot;:694,&quot;url&quot;:&quot;https:\\\/\\\/lamenuiseriededaphne.fr\\\/wp-content\\\/uploads\\\/2021\\\/04\\\/img_17732.jpg&quot;}],&quot;background_slideshow_slide_duration&quot;:2000,&quot;background_slideshow_slide_transition&quot;:&quot;slide_left&quot;,&quot;background_slideshow_transition_duration&quot;:700,&quot;background_slideshow_loop&quot;:&quot;yes&quot;}\">\n\t\t\t<div class=\"elementor-column-wrap elementor-element-populated\">\n\t\t\t\t\t\t\t<div class=\"elementor-widget-wrap\">\n\t\t\t\t\t\t\t\t<\/div>\n\t\t\t\t\t<\/div>\n\t\t<\/div>\n\t\t\t\t<div class=\"elementor-column elementor-col-50 elementor-top-column elementor-element elementor-element-4a232fb\" data-id=\"4a232fb\" data-element_type=\"column\" data-settings=\"{&quot;background_background&quot;:&quot;classic&quot;}\">\n\t\t\t<div class=\"elementor-column-wrap elementor-element-populated\">\n\t\t\t\t\t\t\t<div class=\"elementor-widget-wrap\">\n\t\t\t\t\t\t<div class=\"elementor-element elementor-element-6bd0c66 elementor-invisible elementor-widget elementor-widget-image\" data-id=\"6bd0c66\" data-element_type=\"widget\" data-settings=\"{&quot;_animation&quot;:&quot;fadeInRight&quot;}\" data-widget_type=\"image.default\">\n\t\t\t\t<div class=\"elementor-widget-container\">\n\t\t\t\t\t<div class=\"elementor-image\">\n\t\t\t\t\t\t\t\t\t\t<img src=\"https:\/\/lamenuiseriededaphne.fr\/wp-content\/uploads\/2021\/04\/LogoAmelio-01.svg\" class=\"attachment-large size-large\" alt=\"\" loading=\"lazy\" height=\"122.9\" width=\"310.5\" \/>\t\t\t\t\t\t\t\t\t\t\t<\/div>\n\t\t\t\t<\/div>\n\t\t\t\t<\/div>\n\t\t\t\t<div class=\"elementor-element elementor-element-8942b3b elementor-widget__width-inherit elementor-invisible elementor-widget elementor-widget-heading\" data-id=\"8942b3b\" data-element_type=\"widget\" data-settings=\"{&quot;_animation&quot;:&quot;fadeInRight&quot;}\" data-widget_type=\"heading.default\">\n\t\t\t\t<div class=\"elementor-widget-container\">\n\t\t\t<h2 class=\"elementor-heading-title elementor-size-default\">Partenaire<\/h2>\t\t<\/div>\n\t\t\t\t<\/div>\n\t\t\t\t<div class=\"elementor-element elementor-element-89058aa elementor-invisible elementor-widget elementor-widget-text-editor\" data-id=\"89058aa\" data-element_type=\"widget\" data-settings=\"{&quot;_animation&quot;:&quot;fadeInRight&quot;}\" data-widget_type=\"text-editor.default\">\n\t\t\t\t<div class=\"elementor-widget-container\">\n\t\t\t\t\t<div class=\"elementor-text-editor elementor-clearfix\"><p>Parce que nos r\u00e9alisations n\u00e9cessitent parfois de petits travaux, ou s&#8217;inscrivent dans un projet de r\u00e9novation, nous sommes associ\u00e9s avec Am\u00e9lio travaux-d\u00e9co pour vous assurer un service global cl\u00e9 en main.<\/p><\/div>\n\t\t\t\t<\/div>\n\t\t\t\t<\/div>\n\t\t\t\t<div class=\"elementor-element elementor-element-4ed8ee8 elementor-widget elementor-widget-button\" data-id=\"4ed8ee8\" data-element_type=\"widget\" data-widget_type=\"button.default\">\n\t\t\t\t<div class=\"elementor-widget-container\">\n\t\t\t\t\t<div class=\"elementor-button-wrapper\">\n\t\t\t<a href=\"http:\/\/www.amelio.maison\" class=\"elementor-button-link elementor-button elementor-size-sm elementor-animation-sink\" role=\"button\">\n\t\t\t\t\t\t<span class=\"elementor-button-content-wrapper\">\n\t\t\t\t\t\t<span class=\"elementor-button-text\">Lien vers le site am\u00e9lio<\/span>\n\t\t<\/span>\n\t\t\t\t\t<\/a>\n\t\t<\/div>\n\t\t\t\t<\/div>\n\t\t\t\t<\/div>\n\t\t\t\t\t\t<\/div>\n\t\t\t\t\t<\/div>\n\t\t<\/div>\n\t\t\t\t\t\t\t\t<\/div>\n\t\t\t\t\t<\/div>\n\t\t<\/section>\n\t\t\t\t<section class=\"elementor-section elementor-top-section elementor-element elementor-element-4e2ed746 elementor-section-content-middle elementor-section-full_width elementor-section-height-min-height elementor-section-height-default elementor-section-items-middle elementor-invisible\" data-id=\"4e2ed746\" data-element_type=\"section\" data-settings=\"{&quot;animation&quot;:&quot;slideInUp&quot;,&quot;background_background&quot;:&quot;classic&quot;}\">\n\t\t\t\t\t\t<div class=\"elementor-container elementor-column-gap-no\">\n\t\t\t\t\t\t\t<div class=\"elementor-row\">\n\t\t\t\t\t<div class=\"elementor-column elementor-col-33 elementor-top-column elementor-element elementor-element-3b84ba9e elementor-invisible\" data-id=\"3b84ba9e\" data-element_type=\"column\" data-settings=\"{&quot;animation&quot;:&quot;none&quot;}\">\n\t\t\t<div class=\"elementor-column-wrap elementor-element-populated\">\n\t\t\t\t\t\t\t<div class=\"elementor-widget-wrap\">\n\t\t\t\t\t\t<div class=\"elementor-element elementor-element-98f429a elementor-widget__width-inherit elementor-widget elementor-widget-heading\" data-id=\"98f429a\" data-element_type=\"widget\" data-widget_type=\"heading.default\">\n\t\t\t\t<div class=\"elementor-widget-container\">\n\t\t\t<h2 class=\"elementor-heading-title elementor-size-default\">L\u2019apr\u00e8s-pose<\/h2>\t\t<\/div>\n\t\t\t\t<\/div>\n\t\t\t\t<div class=\"elementor-element elementor-element-6f1b058d elementor-widget elementor-widget-text-editor\" data-id=\"6f1b058d\" data-element_type=\"widget\" data-widget_type=\"text-editor.default\">\n\t\t\t\t<div class=\"elementor-widget-container\">\n\t\t\t\t\t<div class=\"elementor-text-editor elementor-clearfix\"><p>Un d\u00e9m\u00e9nagement, un petit accident ? Nous sommes l\u00e0 pour assurer la vie de vos am\u00e9nagements int\u00e9rieurs et vous apporter un service apr\u00e8s-vente aussi soign\u00e9 que nos cr\u00e9ations. N\u2019h\u00e9sitez pas \u00e0 nous contacter.<\/p><\/div>\n\t\t\t\t<\/div>\n\t\t\t\t<\/div>\n\t\t\t\t\t\t<\/div>\n\t\t\t\t\t<\/div>\n\t\t<\/div>\n\t\t\t\t<div class=\"elementor-column elementor-col-33 elementor-top-column elementor-element elementor-element-6bd7d175 elementor-invisible\" data-id=\"6bd7d175\" data-element_type=\"column\" data-settings=\"{&quot;animation&quot;:&quot;none&quot;}\">\n\t\t\t<div class=\"elementor-column-wrap elementor-element-populated\">\n\t\t\t\t\t\t\t<div class=\"elementor-widget-wrap\">\n\t\t\t\t\t\t<div class=\"elementor-element elementor-element-43fb5c47 elementor-widget elementor-widget-image\" data-id=\"43fb5c47\" data-element_type=\"widget\" data-settings=\"{&quot;motion_fx_motion_fx_scrolling&quot;:&quot;yes&quot;,&quot;motion_fx_translateY_effect&quot;:&quot;yes&quot;,&quot;motion_fx_translateY_direction&quot;:&quot;negative&quot;,&quot;motion_fx_translateY_speed&quot;:{&quot;unit&quot;:&quot;px&quot;,&quot;size&quot;:2,&quot;sizes&quot;:[]},&quot;motion_fx_devices&quot;:[&quot;desktop&quot;,&quot;tablet&quot;],&quot;motion_fx_translateY_affectedRange&quot;:{&quot;unit&quot;:&quot;%&quot;,&quot;size&quot;:&quot;&quot;,&quot;sizes&quot;:{&quot;start&quot;:0,&quot;end&quot;:100}}}\" data-widget_type=\"image.default\">\n\t\t\t\t<div class=\"elementor-widget-container\">\n\t\t\t\t\t<div class=\"elementor-image\">\n\t\t\t\t\t\t\t\t\t\t<img width=\"2010\" height=\"2560\" src=\"https:\/\/lamenuiseriededaphne.fr\/wp-content\/uploads\/2021\/03\/10-scaled.jpg\" class=\"elementor-animation-grow attachment-full size-full\" alt=\"\" loading=\"lazy\" srcset=\"https:\/\/lamenuiseriededaphne.fr\/wp-content\/uploads\/2021\/03\/10-scaled.jpg 2010w, https:\/\/lamenuiseriededaphne.fr\/wp-content\/uploads\/2021\/03\/10-236x300.jpg 236w, https:\/\/lamenuiseriededaphne.fr\/wp-content\/uploads\/2021\/03\/10-804x1024.jpg 804w, https:\/\/lamenuiseriededaphne.fr\/wp-content\/uploads\/2021\/03\/10-768x978.jpg 768w, https:\/\/lamenuiseriededaphne.fr\/wp-content\/uploads\/2021\/03\/10-1206x1536.jpg 1206w, https:\/\/lamenuiseriededaphne.fr\/wp-content\/uploads\/2021\/03\/10-1608x2048.jpg 1608w, https:\/\/lamenuiseriededaphne.fr\/wp-content\/uploads\/2021\/03\/10-1200x1529.jpg 1200w, https:\/\/lamenuiseriededaphne.fr\/wp-content\/uploads\/2021\/03\/10-1980x2522.jpg 1980w\" sizes=\"(max-width: 2010px) 100vw, 2010px\" \/>\t\t\t\t\t\t\t\t\t\t\t<\/div>\n\t\t\t\t<\/div>\n\t\t\t\t<\/div>\n\t\t\t\t\t\t<\/div>\n\t\t\t\t\t<\/div>\n\t\t<\/div>\n\t\t\t\t<div class=\"elementor-column elementor-col-33 elementor-top-column elementor-element elementor-element-23e724f5 elementor-invisible\" data-id=\"23e724f5\" data-element_type=\"column\" data-settings=\"{&quot;animation&quot;:&quot;none&quot;}\">\n\t\t\t<div class=\"elementor-column-wrap elementor-element-populated\">\n\t\t\t\t\t\t\t<div class=\"elementor-widget-wrap\">\n\t\t\t\t\t\t<div class=\"elementor-element elementor-element-704ef656 elementor-widget elementor-widget-image\" data-id=\"704ef656\" data-element_type=\"widget\" data-settings=\"{&quot;motion_fx_motion_fx_scrolling&quot;:&quot;yes&quot;,&quot;motion_fx_translateY_effect&quot;:&quot;yes&quot;,&quot;motion_fx_translateY_speed&quot;:{&quot;unit&quot;:&quot;px&quot;,&quot;size&quot;:2,&quot;sizes&quot;:[]},&quot;motion_fx_devices&quot;:[&quot;desktop&quot;,&quot;tablet&quot;],&quot;motion_fx_translateY_affectedRange&quot;:{&quot;unit&quot;:&quot;%&quot;,&quot;size&quot;:&quot;&quot;,&quot;sizes&quot;:{&quot;start&quot;:0,&quot;end&quot;:100}}}\" data-widget_type=\"image.default\">\n\t\t\t\t<div class=\"elementor-widget-container\">\n\t\t\t\t\t<div class=\"elementor-image\">\n\t\t\t\t\t\t\t\t\t\t<img width=\"550\" height=\"697\" src=\"https:\/\/lamenuiseriededaphne.fr\/wp-content\/uploads\/2021\/04\/votre-fac\u0327ade-52.jpeg\" class=\"elementor-animation-grow attachment-full size-full\" alt=\"\" loading=\"lazy\" srcset=\"https:\/\/lamenuiseriededaphne.fr\/wp-content\/uploads\/2021\/04\/votre-fac\u0327ade-52.jpeg 550w, https:\/\/lamenuiseriededaphne.fr\/wp-content\/uploads\/2021\/04\/votre-fac\u0327ade-52-237x300.jpeg 237w\" sizes=\"(max-width: 550px) 100vw, 550px\" \/>\t\t\t\t\t\t\t\t\t\t\t<\/div>\n\t\t\t\t<\/div>\n\t\t\t\t<\/div>\n\t\t\t\t\t\t<\/div>\n\t\t\t\t\t<\/div>\n\t\t<\/div>\n\t\t\t\t\t\t\t\t<\/div>\n\t\t\t\t\t<\/div>\n\t\t<\/section>\n\t\t\t\t<section class=\"elementor-section elementor-top-section elementor-element elementor-element-5225e94 elementor-section-full_width elementor-section-height-min-height elementor-section-items-stretch elementor-section-height-default\" data-id=\"5225e94\" data-element_type=\"section\" data-settings=\"{&quot;background_background&quot;:&quot;classic&quot;}\">\n\t\t\t\t\t\t<div class=\"elementor-container elementor-column-gap-default\">\n\t\t\t\t\t\t\t<div class=\"elementor-row\">\n\t\t\t\t\t<div class=\"elementor-column elementor-col-50 elementor-top-column elementor-element elementor-element-630c3e2\" data-id=\"630c3e2\" data-element_type=\"column\" data-settings=\"{&quot;background_background&quot;:&quot;classic&quot;}\">\n\t\t\t<div class=\"elementor-column-wrap elementor-element-populated\">\n\t\t\t\t\t\t\t<div class=\"elementor-widget-wrap\">\n\t\t\t\t\t\t<div class=\"elementor-element elementor-element-1ea4877 elementor-widget__width-inherit elementor-invisible elementor-widget elementor-widget-heading\" data-id=\"1ea4877\" data-element_type=\"widget\" data-settings=\"{&quot;_animation&quot;:&quot;fadeInRight&quot;}\" data-widget_type=\"heading.default\">\n\t\t\t\t<div class=\"elementor-widget-container\">\n\t\t\t<h2 class=\"elementor-heading-title elementor-size-default\">La pri\u00e8re de l'artisan<\/h2>\t\t<\/div>\n\t\t\t\t<\/div>\n\t\t\t\t<div class=\"elementor-element elementor-element-7841e86 elementor-invisible elementor-widget elementor-widget-text-editor\" data-id=\"7841e86\" data-element_type=\"widget\" data-settings=\"{&quot;_animation&quot;:&quot;fadeInRight&quot;}\" data-widget_type=\"text-editor.default\">\n\t\t\t\t<div class=\"elementor-widget-container\">\n\t\t\t\t\t<div class=\"elementor-text-editor elementor-clearfix\"><p class=\"p1\">Nos racines puisent ses sources dans le savoir faire de nos anc\u00eatres artisans. Nous avons choisi notre m\u00e9tier par amour et esp\u00e9rons transmettre&nbsp; notre exp\u00e9rience aux futurs compagnons.<\/p><\/div>\n\t\t\t\t<\/div>\n\t\t\t\t<\/div>\n\t\t\t\t\t\t<\/div>\n\t\t\t\t\t<\/div>\n\t\t<\/div>\n\t\t\t\t<div class=\"elementor-column elementor-col-50 elementor-top-column elementor-element elementor-element-4f71bea\" data-id=\"4f71bea\" data-element_type=\"column\" data-settings=\"{&quot;background_background&quot;:&quot;classic&quot;}\">\n\t\t\t<div class=\"elementor-column-wrap elementor-element-populated\">\n\t\t\t\t\t\t\t<div class=\"elementor-widget-wrap\">\n\t\t\t\t\t\t\t\t<\/div>\n\t\t\t\t\t<\/div>\n\t\t<\/div>\n\t\t\t\t\t\t\t\t<\/div>\n\t\t\t\t\t<\/div>\n\t\t<\/section>\n\t\t\t\t\t\t<\/div>\n\t\t\t\t\t\t<\/div>\n\t\t\t\t\t<\/div>\n\t\t","protected":false},"excerpt":{"rendered":"<p>Qui sommes-nous Artisans d\u2019art et fiers de l\u2019\u00eatre, nos m\u00e9tiers d\u2019\u00e9b\u00e9niste et de menuisier nous ont tout naturellement conduits vers l\u2019am\u00e9nagement int\u00e9rieur. Du dressing \u00e0 la biblioth\u00e8que, du bureau aux placards, en passant par la cuisine ou le home-vid\u00e9o, une certaine id\u00e9e de la finition, de l\u2019harmonie des mat\u00e9riaux et de la conception nous guide [&hellip;]<\/p>\n","protected":false},"author":2,"featured_media":0,"parent":0,"menu_order":0,"comment_status":"closed","ping_status":"closed","template":"elementor_header_footer","meta":[],"_links":{"self":[{"href":"https:\/\/lamenuiseriededaphne.fr\/index.php?rest_route=\/wp\/v2\/pages\/433"}],"collection":[{"href":"https:\/\/lamenuiseriededaphne.fr\/index.php?rest_route=\/wp\/v2\/pages"}],"about":[{"href":"https:\/\/lamenuiseriededaphne.fr\/index.php?rest_route=\/wp\/v2\/types\/page"}],"author":[{"embeddable":true,"href":"https:\/\/lamenuiseriededaphne.fr\/index.php?rest_route=\/wp\/v2\/users\/2"}],"replies":[{"embeddable":true,"href":"https:\/\/lamenuiseriededaphne.fr\/index.php?rest_route=%2Fwp%2Fv2%2Fcomments&post=433"}],"version-history":[{"count":32,"href":"https:\/\/lamenuiseriededaphne.fr\/index.php?rest_route=\/wp\/v2\/pages\/433\/revisions"}],"predecessor-version":[{"id":1059,"href":"https:\/\/lamenuiseriededaphne.fr\/index.php?rest_route=\/wp\/v2\/pages\/433\/revisions\/1059"}],"wp:attachment":[{"href":"https:\/\/lamenuiseriededaphne.fr\/index.php?rest_route=%2Fwp%2Fv2%2Fmedia&parent=433"}],"curies":[{"name":"wp","href":"https:\/\/api.w.org\/{rel}","templated":true}]}}