{"id":20,"date":"2021-03-05T16:50:34","date_gmt":"2021-03-05T16:50:34","guid":{"rendered":"https:\/\/developer.blink-eye.com\/leplacarddedaphne\/?page_id=20"},"modified":"2025-06-27T11:23:31","modified_gmt":"2025-06-27T11:23:31","slug":"home","status":"publish","type":"page","link":"https:\/\/lamenuiseriededaphne.fr\/","title":{"rendered":"Home"},"content":{"rendered":"\t\t<div data-elementor-type=\"wp-page\" data-elementor-id=\"20\" class=\"elementor elementor-20\" data-elementor-settings=\"[]\">\n\t\t\t\t\t\t<div class=\"elementor-inner\">\n\t\t\t\t\t\t\t<div class=\"elementor-section-wrap\">\n\t\t\t\t\t\t\t<section class=\"elementor-section elementor-top-section elementor-element elementor-element-80b5656 elementor-section-full_width elementor-section-height-min-height elementor-section-height-default elementor-section-items-middle\" data-id=\"80b5656\" data-element_type=\"section\" data-settings=\"{&quot;background_background&quot;:&quot;slideshow&quot;,&quot;background_slideshow_gallery&quot;:[{&quot;id&quot;:57,&quot;url&quot;:&quot;https:\\\/\\\/lamenuiseriededaphne.fr\\\/wp-content\\\/uploads\\\/2021\\\/03\\\/1-scaled.jpg&quot;},{&quot;id&quot;:63,&quot;url&quot;:&quot;https:\\\/\\\/lamenuiseriededaphne.fr\\\/wp-content\\\/uploads\\\/2021\\\/03\\\/7-scaled.jpg&quot;},{&quot;id&quot;:93,&quot;url&quot;:&quot;https:\\\/\\\/lamenuiseriededaphne.fr\\\/wp-content\\\/uploads\\\/2021\\\/03\\\/12-scaled.jpg&quot;}],&quot;background_slideshow_slide_transition&quot;:&quot;slide_left&quot;,&quot;background_slideshow_transition_duration&quot;:1200,&quot;background_slideshow_loop&quot;:&quot;yes&quot;,&quot;background_slideshow_slide_duration&quot;:5000}\">\n\t\t\t\t\t\t\t<div class=\"elementor-background-overlay\"><\/div>\n\t\t\t\t\t\t\t<div class=\"elementor-container elementor-column-gap-default\">\n\t\t\t\t\t\t\t<div class=\"elementor-row\">\n\t\t\t\t\t<div class=\"elementor-column elementor-col-100 elementor-top-column elementor-element elementor-element-d26eef2\" data-id=\"d26eef2\" data-element_type=\"column\">\n\t\t\t<div class=\"elementor-column-wrap elementor-element-populated\">\n\t\t\t\t\t\t\t<div class=\"elementor-widget-wrap\">\n\t\t\t\t\t\t<div class=\"elementor-element elementor-element-7c31674 animated-slow elementor-invisible elementor-widget elementor-widget-image\" data-id=\"7c31674\" data-element_type=\"widget\" data-settings=\"{&quot;_animation&quot;:&quot;fadeInUp&quot;}\" data-widget_type=\"image.default\">\n\t\t\t\t<div class=\"elementor-widget-container\">\n\t\t\t\t\t<div class=\"elementor-image\">\n\t\t\t\t\t\t\t\t\t\t<img src=\"https:\/\/lamenuiseriededaphne.fr\/wp-content\/uploads\/2021\/04\/creations_laporteeb.svg\" class=\"attachment-large size-large\" alt=\"\" loading=\"lazy\" height=\"681.4\" width=\"2803.6\" \/>\t\t\t\t\t\t\t\t\t\t\t<\/div>\n\t\t\t\t<\/div>\n\t\t\t\t<\/div>\n\t\t\t\t<div class=\"elementor-element elementor-element-8b2f2e2 elementor-align-center animated-slow elementor-invisible elementor-widget elementor-widget-button\" data-id=\"8b2f2e2\" data-element_type=\"widget\" data-settings=\"{&quot;_animation&quot;:&quot;fadeInUp&quot;,&quot;_animation_delay&quot;:300}\" data-widget_type=\"button.default\">\n\t\t\t\t<div class=\"elementor-widget-container\">\n\t\t\t\t\t<div class=\"elementor-button-wrapper\">\n\t\t\t<a href=\"https:\/\/lamenuiseriededaphne.fr\/?page_id=149\" class=\"elementor-button-link elementor-button elementor-size-xs elementor-animation-sink\" role=\"button\">\n\t\t\t\t\t\t<span class=\"elementor-button-content-wrapper\">\n\t\t\t\t\t\t<span class=\"elementor-button-text\">voir projets r\u00e9cents<\/span>\n\t\t<\/span>\n\t\t\t\t\t<\/a>\n\t\t<\/div>\n\t\t\t\t<\/div>\n\t\t\t\t<\/div>\n\t\t\t\t<div class=\"elementor-element elementor-element-7d20c32 elementor-align-center elementor-widget__width-initial elementor-absolute elementor-widget elementor-widget-button\" data-id=\"7d20c32\" data-element_type=\"widget\" data-settings=\"{&quot;_position&quot;:&quot;absolute&quot;}\" data-widget_type=\"button.default\">\n\t\t\t\t<div class=\"elementor-widget-container\">\n\t\t\t\t\t<div class=\"elementor-button-wrapper\">\n\t\t\t<a href=\"#down\" class=\"elementor-button-link elementor-button elementor-size-sm\" role=\"button\">\n\t\t\t\t\t\t<span class=\"elementor-button-content-wrapper\">\n\t\t\t\t\t\t<span class=\"elementor-button-icon elementor-align-icon-right\">\n\t\t\t\t<i aria-hidden=\"true\" class=\"fas fa-chevron-down\"><\/i>\t\t\t<\/span>\n\t\t\t\t\t\t<span class=\"elementor-button-text\">voir plus<\/span>\n\t\t<\/span>\n\t\t\t\t\t<\/a>\n\t\t<\/div>\n\t\t\t\t<\/div>\n\t\t\t\t<\/div>\n\t\t\t\t\t\t<\/div>\n\t\t\t\t\t<\/div>\n\t\t<\/div>\n\t\t\t\t\t\t\t\t<\/div>\n\t\t\t\t\t<\/div>\n\t\t<\/section>\n\t\t\t\t<section class=\"elementor-section elementor-top-section elementor-element elementor-element-70ee085a elementor-section-full_width elementor-section-height-default elementor-section-height-default\" data-id=\"70ee085a\" data-element_type=\"section\" id=\"down\" data-settings=\"{&quot;background_background&quot;:&quot;classic&quot;}\">\n\t\t\t\t\t\t\t<div class=\"elementor-background-overlay\"><\/div>\n\t\t\t\t\t\t\t<div class=\"elementor-container elementor-column-gap-default\">\n\t\t\t\t\t\t\t<div class=\"elementor-row\">\n\t\t\t\t\t<div class=\"elementor-column elementor-col-100 elementor-top-column elementor-element elementor-element-6c52e759\" data-id=\"6c52e759\" data-element_type=\"column\" data-settings=\"{&quot;background_background&quot;:&quot;classic&quot;}\">\n\t\t\t<div class=\"elementor-column-wrap elementor-element-populated\">\n\t\t\t\t\t<div class=\"elementor-background-overlay\"><\/div>\n\t\t\t\t\t\t\t<div class=\"elementor-widget-wrap\">\n\t\t\t\t\t\t<section class=\"elementor-section elementor-inner-section elementor-element elementor-element-5d6953af animated-slow elementor-section-full_width elementor-section-height-default elementor-section-height-default elementor-invisible\" data-id=\"5d6953af\" data-element_type=\"section\" data-settings=\"{&quot;background_background&quot;:&quot;classic&quot;,&quot;animation&quot;:&quot;fadeInUp&quot;,&quot;animation_delay&quot;:200}\">\n\t\t\t\t\t\t<div class=\"elementor-container elementor-column-gap-no\">\n\t\t\t\t\t\t\t<div class=\"elementor-row\">\n\t\t\t\t\t<div class=\"elementor-column elementor-col-100 elementor-inner-column elementor-element elementor-element-4b9a3a4e\" data-id=\"4b9a3a4e\" data-element_type=\"column\" data-settings=\"{&quot;background_background&quot;:&quot;classic&quot;}\">\n\t\t\t<div class=\"elementor-column-wrap elementor-element-populated\">\n\t\t\t\t\t\t\t<div class=\"elementor-widget-wrap\">\n\t\t\t\t\t\t<div class=\"elementor-element elementor-element-70f6b78 elementor-widget elementor-widget-image\" data-id=\"70f6b78\" data-element_type=\"widget\" data-widget_type=\"image.default\">\n\t\t\t\t<div class=\"elementor-widget-container\">\n\t\t\t\t\t<div class=\"elementor-image\">\n\t\t\t\t\t\t\t\t\t\t<img src=\"https:\/\/lamenuiseriededaphne.fr\/wp-content\/uploads\/2021\/03\/right-quote-01.svg\" class=\"attachment-large size-large\" alt=\"\" loading=\"lazy\" height=\"64\" width=\"80.14\" \/>\t\t\t\t\t\t\t\t\t\t\t<\/div>\n\t\t\t\t<\/div>\n\t\t\t\t<\/div>\n\t\t\t\t<div class=\"elementor-element elementor-element-12db7a49 elementor-widget elementor-widget-heading\" data-id=\"12db7a49\" data-element_type=\"widget\" data-widget_type=\"heading.default\">\n\t\t\t\t<div class=\"elementor-widget-container\">\n\t\t\t<h3 class=\"elementor-heading-title elementor-size-large\">Du simple conseil au choix  d\u2019un meuble et de ses finitions, <b>La Menuiserie de Daphne<\/b> est l\u00e0 pour donner vie \u00e0 vos id\u00e9es sur-mesure.\"<\/h3>\t\t<\/div>\n\t\t\t\t<\/div>\n\t\t\t\t<div class=\"elementor-element elementor-element-1dc963b3 elementor-widget elementor-widget-text-editor\" data-id=\"1dc963b3\" data-element_type=\"widget\" data-widget_type=\"text-editor.default\">\n\t\t\t\t<div class=\"elementor-widget-container\">\n\t\t\t\t\t<div class=\"elementor-text-editor elementor-clearfix\"><div id=\"Content\"><div class=\"boxed\"><div id=\"lipsum\"><p>Artisans d\u2019art et fiers de l\u2019\u00eatre, nos m\u00e9tiers d\u2019\u00e9b\u00e9niste et de menuisier nous ont tout naturellement conduits vers l\u2019am\u00e9nagement int\u00e9rieur.<\/p><p>Du dressing \u00e0 la biblioth\u00e8que, du bureau aux placards, en passant par la cuisine ou le home-vid\u00e9o, optimisation de vos petits espaces, une certaine id\u00e9e de la finition, de l\u2019harmonie des mat\u00e9riaux et de la conception nous guide chaque jour vers votre satisfaction.<\/p><p>Chaque demande est unique, chaque commande un nouveau pari auquel nous r\u00e9pondons avec envie pour que nos r\u00e9alisations deviennent la source de votre bien-\u00eatre int\u00e9rieur.<\/p><\/div><\/div><\/div><\/div>\n\t\t\t\t<\/div>\n\t\t\t\t<\/div>\n\t\t\t\t<div class=\"elementor-element elementor-element-83e733b elementor-align-center elementor-widget elementor-widget-button\" data-id=\"83e733b\" data-element_type=\"widget\" data-widget_type=\"button.default\">\n\t\t\t\t<div class=\"elementor-widget-container\">\n\t\t\t\t\t<div class=\"elementor-button-wrapper\">\n\t\t\t<a href=\"https:\/\/lamenuiseriededaphne.fr\/?page_id=433\" class=\"elementor-button-link elementor-button elementor-size-sm elementor-animation-sink\" role=\"button\">\n\t\t\t\t\t\t<span class=\"elementor-button-content-wrapper\">\n\t\t\t\t\t\t<span class=\"elementor-button-text\">savoir plus<\/span>\n\t\t<\/span>\n\t\t\t\t\t<\/a>\n\t\t<\/div>\n\t\t\t\t<\/div>\n\t\t\t\t<\/div>\n\t\t\t\t\t\t<\/div>\n\t\t\t\t\t<\/div>\n\t\t<\/div>\n\t\t\t\t\t\t\t\t<\/div>\n\t\t\t\t\t<\/div>\n\t\t<\/section>\n\t\t\t\t\t\t<\/div>\n\t\t\t\t\t<\/div>\n\t\t<\/div>\n\t\t\t\t\t\t\t\t<\/div>\n\t\t\t\t\t<\/div>\n\t\t<\/section>\n\t\t\t\t<section class=\"elementor-section elementor-top-section elementor-element elementor-element-5569235 elementor-section-full_width elementor-section-height-min-height elementor-section-height-default elementor-section-items-middle\" data-id=\"5569235\" data-element_type=\"section\" data-settings=\"{&quot;background_background&quot;:&quot;classic&quot;}\">\n\t\t\t\t\t\t<div class=\"elementor-container elementor-column-gap-no\">\n\t\t\t\t\t\t\t<div class=\"elementor-row\">\n\t\t\t\t\t<div class=\"elementor-column elementor-col-100 elementor-top-column elementor-element elementor-element-5ed192c\" data-id=\"5ed192c\" data-element_type=\"column\">\n\t\t\t<div class=\"elementor-column-wrap elementor-element-populated\">\n\t\t\t\t\t\t\t<div class=\"elementor-widget-wrap\">\n\t\t\t\t\t\t<div class=\"elementor-element elementor-element-041251d elementor-skin-carousel elementor-arrows-yes elementor-widget elementor-widget-media-carousel\" data-id=\"041251d\" data-element_type=\"widget\" data-settings=\"{&quot;slides_per_view&quot;:&quot;3&quot;,&quot;speed&quot;:1200,&quot;space_between&quot;:{&quot;unit&quot;:&quot;px&quot;,&quot;size&quot;:0,&quot;sizes&quot;:[]},&quot;slides_per_view_tablet&quot;:&quot;1&quot;,&quot;skin&quot;:&quot;carousel&quot;,&quot;effect&quot;:&quot;slide&quot;,&quot;show_arrows&quot;:&quot;yes&quot;,&quot;loop&quot;:&quot;yes&quot;,&quot;space_between_tablet&quot;:{&quot;unit&quot;:&quot;px&quot;,&quot;size&quot;:10,&quot;sizes&quot;:[]},&quot;space_between_mobile&quot;:{&quot;unit&quot;:&quot;px&quot;,&quot;size&quot;:10,&quot;sizes&quot;:[]}}\" data-widget_type=\"media-carousel.default\">\n\t\t\t\t<div class=\"elementor-widget-container\">\n\t\t\t\t\t<div class=\"elementor-swiper\">\n\t\t\t<div class=\"elementor-main-swiper swiper-container\">\n\t\t\t\t<div class=\"swiper-wrapper\">\n\t\t\t\t\t\t\t\t\t\t\t<div class=\"swiper-slide\">\n\t\t\t\t\t\t\t\t\t<div class=\"elementor-carousel-image\" style=\"background-image: url(https:\/\/lamenuiseriededaphne.fr\/wp-content\/uploads\/2021\/04\/placards.jpg)\">\n\t\t\t\t\t<\/div>\n\t\t\t\t\t\t\t\t<\/div>\n\t\t\t\t\t\t\t\t\t\t\t<div class=\"swiper-slide\">\n\t\t\t\t\t\t\t\t\t<div class=\"elementor-carousel-image\" style=\"background-image: url(https:\/\/lamenuiseriededaphne.fr\/wp-content\/uploads\/2021\/04\/eclairage.jpg)\">\n\t\t\t\t\t<\/div>\n\t\t\t\t\t\t\t\t<\/div>\n\t\t\t\t\t\t\t\t\t\t\t<div class=\"swiper-slide\">\n\t\t\t\t\t\t\t\t\t<div class=\"elementor-carousel-image\" style=\"background-image: url(https:\/\/lamenuiseriededaphne.fr\/wp-content\/uploads\/2021\/04\/dressing.jpg)\">\n\t\t\t\t\t<\/div>\n\t\t\t\t\t\t\t\t<\/div>\n\t\t\t\t\t\t\t\t\t\t\t<div class=\"swiper-slide\">\n\t\t\t\t\t\t\t\t\t<div class=\"elementor-carousel-image\" style=\"background-image: url(https:\/\/lamenuiseriededaphne.fr\/wp-content\/uploads\/2021\/04\/facade.jpg)\">\n\t\t\t\t\t<\/div>\n\t\t\t\t\t\t\t\t<\/div>\n\t\t\t\t\t\t\t\t\t\t\t<div class=\"swiper-slide\">\n\t\t\t\t\t\t\t\t\t<div class=\"elementor-carousel-image\" style=\"background-image: url(https:\/\/lamenuiseriededaphne.fr\/wp-content\/uploads\/2021\/04\/home-video.jpg)\">\n\t\t\t\t\t<\/div>\n\t\t\t\t\t\t\t\t<\/div>\n\t\t\t\t\t\t\t\t\t\t\t<div class=\"swiper-slide\">\n\t\t\t\t\t\t\t\t\t<div class=\"elementor-carousel-image\" style=\"background-image: url(https:\/\/lamenuiseriededaphne.fr\/wp-content\/uploads\/2021\/04\/bibliotheque.jpg)\">\n\t\t\t\t\t<\/div>\n\t\t\t\t\t\t\t\t<\/div>\n\t\t\t\t\t\t\t\t\t\t\t<div class=\"swiper-slide\">\n\t\t\t\t\t\t\t\t\t<div class=\"elementor-carousel-image\" style=\"background-image: url(https:\/\/lamenuiseriededaphne.fr\/wp-content\/uploads\/2021\/04\/cuisine.jpg)\">\n\t\t\t\t\t<\/div>\n\t\t\t\t\t\t\t\t<\/div>\n\t\t\t\t\t\t\t\t\t\t\t<div class=\"swiper-slide\">\n\t\t\t\t\t\t\t\t\t<div class=\"elementor-carousel-image\" style=\"background-image: url(https:\/\/lamenuiseriededaphne.fr\/wp-content\/uploads\/2021\/04\/bureau.jpg)\">\n\t\t\t\t\t<\/div>\n\t\t\t\t\t\t\t\t<\/div>\n\t\t\t\t\t\t\t\t\t\t\t<div class=\"swiper-slide\">\n\t\t\t\t\t\t\t\t\t<div class=\"elementor-carousel-image\" style=\"background-image: url(https:\/\/lamenuiseriededaphne.fr\/wp-content\/uploads\/2021\/04\/lit.jpg)\">\n\t\t\t\t\t<\/div>\n\t\t\t\t\t\t\t\t<\/div>\n\t\t\t\t\t\t\t\t\t\t\t<div class=\"swiper-slide\">\n\t\t\t\t\t\t\t\t\t<div class=\"elementor-carousel-image\" style=\"background-image: url(https:\/\/lamenuiseriededaphne.fr\/wp-content\/uploads\/2021\/04\/loft.jpg)\">\n\t\t\t\t\t<\/div>\n\t\t\t\t\t\t\t\t<\/div>\n\t\t\t\t\t\t\t\t\t\t\t<div class=\"swiper-slide\">\n\t\t\t\t\t\t\t\t\t<div class=\"elementor-carousel-image\" style=\"background-image: url(https:\/\/lamenuiseriededaphne.fr\/wp-content\/uploads\/2021\/04\/wc.jpg)\">\n\t\t\t\t\t<\/div>\n\t\t\t\t\t\t\t\t<\/div>\n\t\t\t\t\t\t\t\t\t\t\t<div class=\"swiper-slide\">\n\t\t\t\t\t\t\t\t\t<div class=\"elementor-carousel-image\" style=\"background-image: url(https:\/\/lamenuiseriededaphne.fr\/wp-content\/uploads\/2021\/04\/autres.jpg)\">\n\t\t\t\t\t<\/div>\n\t\t\t\t\t\t\t\t<\/div>\n\t\t\t\t\t\t\t\t\t<\/div>\n\t\t\t\t\t\t\t\t\t\t\t\t\t\t\t\t\t\t\t\t<div class=\"elementor-swiper-button elementor-swiper-button-prev\">\n\t\t\t\t\t\t\t<i class=\"eicon-chevron-left\" aria-hidden=\"true\"><\/i>\n\t\t\t\t\t\t\t<span class=\"elementor-screen-only\">Previous<\/span>\n\t\t\t\t\t\t<\/div>\n\t\t\t\t\t\t<div class=\"elementor-swiper-button elementor-swiper-button-next\">\n\t\t\t\t\t\t\t<i class=\"eicon-chevron-right\" aria-hidden=\"true\"><\/i>\n\t\t\t\t\t\t\t<span class=\"elementor-screen-only\">Next<\/span>\n\t\t\t\t\t\t<\/div>\n\t\t\t\t\t\t\t\t\t\t\t\t<\/div>\n\t\t<\/div>\n\t\t\t\t<\/div>\n\t\t\t\t<\/div>\n\t\t\t\t\t\t<\/div>\n\t\t\t\t\t<\/div>\n\t\t<\/div>\n\t\t\t\t\t\t\t\t<\/div>\n\t\t\t\t\t<\/div>\n\t\t<\/section>\n\t\t\t\t<section class=\"elementor-section elementor-top-section elementor-element elementor-element-698248ef elementor-section-full_width elementor-section-height-default elementor-section-height-default\" data-id=\"698248ef\" data-element_type=\"section\" id=\"postgrid\">\n\t\t\t\t\t\t<div class=\"elementor-container elementor-column-gap-no\">\n\t\t\t\t\t\t\t<div class=\"elementor-row\">\n\t\t\t\t\t<div class=\"elementor-column elementor-col-100 elementor-top-column elementor-element elementor-element-29d3f63\" data-id=\"29d3f63\" data-element_type=\"column\">\n\t\t\t<div class=\"elementor-column-wrap elementor-element-populated\">\n\t\t\t\t\t\t\t<div class=\"elementor-widget-wrap\">\n\t\t\t\t\t\t<div class=\"elementor-element elementor-element-8b08ef8 elementor-widget elementor-widget-image\" data-id=\"8b08ef8\" data-element_type=\"widget\" data-widget_type=\"image.default\">\n\t\t\t\t<div class=\"elementor-widget-container\">\n\t\t\t\t\t<div class=\"elementor-image\">\n\t\t\t\t\t\t\t\t\t\t<img src=\"https:\/\/lamenuiseriededaphne.fr\/wp-content\/uploads\/2021\/04\/lactualite-02.svg\" class=\"attachment-1536x1536 size-1536x1536\" alt=\"\" loading=\"lazy\" height=\"344.23\" width=\"1666.78\" \/>\t\t\t\t\t\t\t\t\t\t\t<\/div>\n\t\t\t\t<\/div>\n\t\t\t\t<\/div>\n\t\t\t\t<div class=\"elementor-element elementor-element-645bc1b6 elementor-grid-2 elementor-grid-tablet-1 elementor-posts--thumbnail-left animated-slow elementor-grid-mobile-1 elementor-invisible elementor-widget elementor-widget-posts\" data-id=\"645bc1b6\" data-element_type=\"widget\" data-settings=\"{&quot;classic_columns&quot;:&quot;2&quot;,&quot;classic_columns_tablet&quot;:&quot;1&quot;,&quot;classic_row_gap&quot;:{&quot;unit&quot;:&quot;px&quot;,&quot;size&quot;:&quot;50&quot;,&quot;sizes&quot;:[]},&quot;_animation&quot;:&quot;fadeIn&quot;,&quot;classic_columns_mobile&quot;:&quot;1&quot;}\" data-widget_type=\"posts.classic\">\n\t\t\t\t<div class=\"elementor-widget-container\">\n\t\t\t\t\t<div class=\"elementor-posts-container elementor-posts elementor-posts--skin-classic elementor-grid\">\n\t\t\t\t<article class=\"elementor-post elementor-grid-item post-313 post type-post status-publish format-standard has-post-thumbnail hentry category-uncategorized\">\n\t\t\t\t<a class=\"elementor-post__thumbnail__link\" href=\"https:\/\/lamenuiseriededaphne.fr\/?p=313\" >\n\t\t\t<div class=\"elementor-post__thumbnail\"><img width=\"580\" height=\"387\" src=\"https:\/\/lamenuiseriededaphne.fr\/wp-content\/uploads\/2021\/03\/7-768x513.jpg\" class=\"attachment-medium_large size-medium_large\" alt=\"\" loading=\"lazy\" srcset=\"https:\/\/lamenuiseriededaphne.fr\/wp-content\/uploads\/2021\/03\/7-768x513.jpg 768w, https:\/\/lamenuiseriededaphne.fr\/wp-content\/uploads\/2021\/03\/7-300x200.jpg 300w, https:\/\/lamenuiseriededaphne.fr\/wp-content\/uploads\/2021\/03\/7-1024x684.jpg 1024w, https:\/\/lamenuiseriededaphne.fr\/wp-content\/uploads\/2021\/03\/7-1536x1026.jpg 1536w, https:\/\/lamenuiseriededaphne.fr\/wp-content\/uploads\/2021\/03\/7-2048x1367.jpg 2048w, https:\/\/lamenuiseriededaphne.fr\/wp-content\/uploads\/2021\/03\/7-1200x801.jpg 1200w, https:\/\/lamenuiseriededaphne.fr\/wp-content\/uploads\/2021\/03\/7-1980x1322.jpg 1980w\" sizes=\"(max-width: 580px) 100vw, 580px\" \/><\/div>\n\t\t<\/a>\n\t\t\t\t<div class=\"elementor-post__text\">\n\t\t\t\t<h3 class=\"elementor-post__title\">\n\t\t\t<a href=\"https:\/\/lamenuiseriededaphne.fr\/?p=313\" >\n\t\t\t\tArticle n\u00ba4\t\t\t<\/a>\n\t\t<\/h3>\n\t\t\t\t<div class=\"elementor-post__excerpt\">\n\t\t\t<p>Le vrai sur-mesure permet de donner corps \u00e0 vos envies en collant \u00e0 votre personnalit\u00e9. Les verri\u00e8res ateliers cumulent les avantages : elles apportent de<\/p>\n\t\t<\/div>\n\t\t\t\t\t<a class=\"elementor-post__read-more\" href=\"https:\/\/lamenuiseriededaphne.fr\/?p=313\" >\n\t\t\t\tSAVOIR PLUS\t\t\t<\/a>\n\t\t\t\t<\/div>\n\t\t\t\t<\/article>\n\t\t\t\t<article class=\"elementor-post elementor-grid-item post-311 post type-post status-publish format-standard has-post-thumbnail hentry category-uncategorized\">\n\t\t\t\t<a class=\"elementor-post__thumbnail__link\" href=\"https:\/\/lamenuiseriededaphne.fr\/?p=311\" >\n\t\t\t<div class=\"elementor-post__thumbnail\"><img width=\"580\" height=\"739\" src=\"https:\/\/lamenuiseriededaphne.fr\/wp-content\/uploads\/2021\/04\/pexels-victoria-borodinova-3315286-768x978.jpg\" class=\"attachment-medium_large size-medium_large\" alt=\"\" loading=\"lazy\" srcset=\"https:\/\/lamenuiseriededaphne.fr\/wp-content\/uploads\/2021\/04\/pexels-victoria-borodinova-3315286-768x978.jpg 768w, https:\/\/lamenuiseriededaphne.fr\/wp-content\/uploads\/2021\/04\/pexels-victoria-borodinova-3315286-236x300.jpg 236w, https:\/\/lamenuiseriededaphne.fr\/wp-content\/uploads\/2021\/04\/pexels-victoria-borodinova-3315286-804x1024.jpg 804w, https:\/\/lamenuiseriededaphne.fr\/wp-content\/uploads\/2021\/04\/pexels-victoria-borodinova-3315286-1206x1536.jpg 1206w, https:\/\/lamenuiseriededaphne.fr\/wp-content\/uploads\/2021\/04\/pexels-victoria-borodinova-3315286-1608x2048.jpg 1608w, https:\/\/lamenuiseriededaphne.fr\/wp-content\/uploads\/2021\/04\/pexels-victoria-borodinova-3315286-1200x1529.jpg 1200w, https:\/\/lamenuiseriededaphne.fr\/wp-content\/uploads\/2021\/04\/pexels-victoria-borodinova-3315286-1980x2522.jpg 1980w, https:\/\/lamenuiseriededaphne.fr\/wp-content\/uploads\/2021\/04\/pexels-victoria-borodinova-3315286-scaled.jpg 2010w\" sizes=\"(max-width: 580px) 100vw, 580px\" \/><\/div>\n\t\t<\/a>\n\t\t\t\t<div class=\"elementor-post__text\">\n\t\t\t\t<h3 class=\"elementor-post__title\">\n\t\t\t<a href=\"https:\/\/lamenuiseriededaphne.fr\/?p=311\" >\n\t\t\t\tArticle n\u00ba3\t\t\t<\/a>\n\t\t<\/h3>\n\t\t\t\t<div class=\"elementor-post__excerpt\">\n\t\t\t<p>Le vrai sur-mesure permet de donner corps \u00e0 vos envies en collant \u00e0 votre personnalit\u00e9. Dressing ouvert ou avec portes coulissantes permet d&#8217;optimiser l&#8217;espace&#8230;. Il<\/p>\n\t\t<\/div>\n\t\t\t\t\t<a class=\"elementor-post__read-more\" href=\"https:\/\/lamenuiseriededaphne.fr\/?p=311\" >\n\t\t\t\tSAVOIR PLUS\t\t\t<\/a>\n\t\t\t\t<\/div>\n\t\t\t\t<\/article>\n\t\t\t\t<article class=\"elementor-post elementor-grid-item post-309 post type-post status-publish format-standard has-post-thumbnail hentry category-uncategorized\">\n\t\t\t\t<a class=\"elementor-post__thumbnail__link\" href=\"https:\/\/lamenuiseriededaphne.fr\/?p=309\" >\n\t\t\t<div class=\"elementor-post__thumbnail\"><img width=\"580\" height=\"387\" src=\"https:\/\/lamenuiseriededaphne.fr\/wp-content\/uploads\/2021\/03\/3-768x512.jpg\" class=\"attachment-medium_large size-medium_large\" alt=\"\" loading=\"lazy\" srcset=\"https:\/\/lamenuiseriededaphne.fr\/wp-content\/uploads\/2021\/03\/3-768x512.jpg 768w, https:\/\/lamenuiseriededaphne.fr\/wp-content\/uploads\/2021\/03\/3-300x200.jpg 300w, https:\/\/lamenuiseriededaphne.fr\/wp-content\/uploads\/2021\/03\/3-1024x683.jpg 1024w, https:\/\/lamenuiseriededaphne.fr\/wp-content\/uploads\/2021\/03\/3-1536x1024.jpg 1536w, https:\/\/lamenuiseriededaphne.fr\/wp-content\/uploads\/2021\/03\/3-2048x1365.jpg 2048w, https:\/\/lamenuiseriededaphne.fr\/wp-content\/uploads\/2021\/03\/3-1200x800.jpg 1200w, https:\/\/lamenuiseriededaphne.fr\/wp-content\/uploads\/2021\/03\/3-1980x1320.jpg 1980w\" sizes=\"(max-width: 580px) 100vw, 580px\" \/><\/div>\n\t\t<\/a>\n\t\t\t\t<div class=\"elementor-post__text\">\n\t\t\t\t<h3 class=\"elementor-post__title\">\n\t\t\t<a href=\"https:\/\/lamenuiseriededaphne.fr\/?p=309\" >\n\t\t\t\tArticle n\u00ba2\t\t\t<\/a>\n\t\t<\/h3>\n\t\t\t\t<div class=\"elementor-post__excerpt\">\n\t\t\t<p>Nous sommes \u00e0 l&#8217;\u00e9coute de vos besoins et de vos attentes. D\u00e9finissez votre agencement id\u00e9al. De votre entr\u00e9e, salon, chambres, cuisine, nous pouvons vous aider<\/p>\n\t\t<\/div>\n\t\t\t\t\t<a class=\"elementor-post__read-more\" href=\"https:\/\/lamenuiseriededaphne.fr\/?p=309\" >\n\t\t\t\tSAVOIR PLUS\t\t\t<\/a>\n\t\t\t\t<\/div>\n\t\t\t\t<\/article>\n\t\t\t\t<article class=\"elementor-post elementor-grid-item post-1 post type-post status-publish format-standard has-post-thumbnail hentry category-uncategorized\">\n\t\t\t\t<a class=\"elementor-post__thumbnail__link\" href=\"https:\/\/lamenuiseriededaphne.fr\/?p=1\" >\n\t\t\t<div class=\"elementor-post__thumbnail\"><img width=\"580\" height=\"773\" src=\"https:\/\/lamenuiseriededaphne.fr\/wp-content\/uploads\/2021\/04\/dhruv-patel-xiSBJmn79hk-unsplash-768x1024.jpg\" class=\"attachment-medium_large size-medium_large\" alt=\"\" loading=\"lazy\" srcset=\"https:\/\/lamenuiseriededaphne.fr\/wp-content\/uploads\/2021\/04\/dhruv-patel-xiSBJmn79hk-unsplash-768x1024.jpg 768w, https:\/\/lamenuiseriededaphne.fr\/wp-content\/uploads\/2021\/04\/dhruv-patel-xiSBJmn79hk-unsplash-225x300.jpg 225w, https:\/\/lamenuiseriededaphne.fr\/wp-content\/uploads\/2021\/04\/dhruv-patel-xiSBJmn79hk-unsplash-1152x1536.jpg 1152w, https:\/\/lamenuiseriededaphne.fr\/wp-content\/uploads\/2021\/04\/dhruv-patel-xiSBJmn79hk-unsplash-1536x2048.jpg 1536w, https:\/\/lamenuiseriededaphne.fr\/wp-content\/uploads\/2021\/04\/dhruv-patel-xiSBJmn79hk-unsplash-1200x1600.jpg 1200w, https:\/\/lamenuiseriededaphne.fr\/wp-content\/uploads\/2021\/04\/dhruv-patel-xiSBJmn79hk-unsplash-1980x2640.jpg 1980w, https:\/\/lamenuiseriededaphne.fr\/wp-content\/uploads\/2021\/04\/dhruv-patel-xiSBJmn79hk-unsplash-scaled.jpg 1920w\" sizes=\"(max-width: 580px) 100vw, 580px\" \/><\/div>\n\t\t<\/a>\n\t\t\t\t<div class=\"elementor-post__text\">\n\t\t\t\t<h3 class=\"elementor-post__title\">\n\t\t\t<a href=\"https:\/\/lamenuiseriededaphne.fr\/?p=1\" >\n\t\t\t\tArticle n\u00ba1\t\t\t<\/a>\n\t\t<\/h3>\n\t\t\t\t<div class=\"elementor-post__excerpt\">\n\t\t\t<p>La Menuiserie de Daphn\u00e9 vous propose des centaines d&#8217;id\u00e9es et d&#8217;inspiration pour offrir \u00e0 votre int\u00e9rieur le meilleur style et la plus grande fonctionnalit\u00e9. Du<\/p>\n\t\t<\/div>\n\t\t\t\t\t<a class=\"elementor-post__read-more\" href=\"https:\/\/lamenuiseriededaphne.fr\/?p=1\" >\n\t\t\t\tSAVOIR PLUS\t\t\t<\/a>\n\t\t\t\t<\/div>\n\t\t\t\t<\/article>\n\t\t\t\t<\/div>\n\t\t\t\t<\/div>\n\t\t\t\t<\/div>\n\t\t\t\t\t\t<\/div>\n\t\t\t\t\t<\/div>\n\t\t<\/div>\n\t\t\t\t\t\t\t\t<\/div>\n\t\t\t\t\t<\/div>\n\t\t<\/section>\n\t\t\t\t\t\t<\/div>\n\t\t\t\t\t\t<\/div>\n\t\t\t\t\t<\/div>\n\t\t","protected":false},"excerpt":{"rendered":"<p>voir projets r\u00e9cents voir plus Du simple conseil au choix d\u2019un meuble et de ses finitions, La Menuiserie de Daphne est l\u00e0 pour donner vie \u00e0 vos id\u00e9es sur-mesure.&#8221; Artisans d\u2019art et fiers de l\u2019\u00eatre, nos m\u00e9tiers d\u2019\u00e9b\u00e9niste et de menuisier nous ont tout naturellement conduits vers l\u2019am\u00e9nagement int\u00e9rieur. Du dressing \u00e0 la biblioth\u00e8que, du [&hellip;]<\/p>\n","protected":false},"author":1,"featured_media":0,"parent":0,"menu_order":0,"comment_status":"closed","ping_status":"closed","template":"elementor_header_footer","meta":[],"_links":{"self":[{"href":"https:\/\/lamenuiseriededaphne.fr\/index.php?rest_route=\/wp\/v2\/pages\/20"}],"collection":[{"href":"https:\/\/lamenuiseriededaphne.fr\/index.php?rest_route=\/wp\/v2\/pages"}],"about":[{"href":"https:\/\/lamenuiseriededaphne.fr\/index.php?rest_route=\/wp\/v2\/types\/page"}],"author":[{"embeddable":true,"href":"https:\/\/lamenuiseriededaphne.fr\/index.php?rest_route=\/wp\/v2\/users\/1"}],"replies":[{"embeddable":true,"href":"https:\/\/lamenuiseriededaphne.fr\/index.php?rest_route=%2Fwp%2Fv2%2Fcomments&post=20"}],"version-history":[{"count":101,"href":"https:\/\/lamenuiseriededaphne.fr\/index.php?rest_route=\/wp\/v2\/pages\/20\/revisions"}],"predecessor-version":[{"id":1058,"href":"https:\/\/lamenuiseriededaphne.fr\/index.php?rest_route=\/wp\/v2\/pages\/20\/revisions\/1058"}],"wp:attachment":[{"href":"https:\/\/lamenuiseriededaphne.fr\/index.php?rest_route=%2Fwp%2Fv2%2Fmedia&parent=20"}],"curies":[{"name":"wp","href":"https:\/\/api.w.org\/{rel}","templated":true}]}}